{"id":9861,"date":"2023-07-17T11:38:54","date_gmt":"2023-07-17T11:38:54","guid":{"rendered":"http:\/\/www.prepareproject.eu\/?page_id=9861"},"modified":"2024-11-05T23:08:26","modified_gmt":"2024-11-05T20:08:26","slug":"hakkimizda","status":"publish","type":"page","link":"https:\/\/prepareproject.eu\/TURKCE\/hakkimizda\/","title":{"rendered":"Hakk\u0131m\u0131zda"},"content":{"rendered":"\t\t<div data-elementor-type=\"wp-page\" data-elementor-id=\"9861\" class=\"elementor elementor-9861\" data-elementor-settings=\"{&quot;element_pack_global_tooltip_width&quot;:{&quot;unit&quot;:&quot;px&quot;,&quot;size&quot;:&quot;&quot;,&quot;sizes&quot;:[]},&quot;element_pack_global_tooltip_width_tablet&quot;:{&quot;unit&quot;:&quot;px&quot;,&quot;size&quot;:&quot;&quot;,&quot;sizes&quot;:[]},&quot;element_pack_global_tooltip_width_mobile&quot;:{&quot;unit&quot;:&quot;px&quot;,&quot;size&quot;:&quot;&quot;,&quot;sizes&quot;:[]},&quot;element_pack_global_tooltip_padding&quot;:{&quot;unit&quot;:&quot;px&quot;,&quot;top&quot;:&quot;&quot;,&quot;right&quot;:&quot;&quot;,&quot;bottom&quot;:&quot;&quot;,&quot;left&quot;:&quot;&quot;,&quot;isLinked&quot;:true},&quot;element_pack_global_tooltip_padding_tablet&quot;:{&quot;unit&quot;:&quot;px&quot;,&quot;top&quot;:&quot;&quot;,&quot;right&quot;:&quot;&quot;,&quot;bottom&quot;:&quot;&quot;,&quot;left&quot;:&quot;&quot;,&quot;isLinked&quot;:true},&quot;element_pack_global_tooltip_padding_mobile&quot;:{&quot;unit&quot;:&quot;px&quot;,&quot;top&quot;:&quot;&quot;,&quot;right&quot;:&quot;&quot;,&quot;bottom&quot;:&quot;&quot;,&quot;left&quot;:&quot;&quot;,&quot;isLinked&quot;:true},&quot;element_pack_global_tooltip_border_radius&quot;:{&quot;unit&quot;:&quot;px&quot;,&quot;top&quot;:&quot;&quot;,&quot;right&quot;:&quot;&quot;,&quot;bottom&quot;:&quot;&quot;,&quot;left&quot;:&quot;&quot;,&quot;isLinked&quot;:true},&quot;element_pack_global_tooltip_border_radius_tablet&quot;:{&quot;unit&quot;:&quot;px&quot;,&quot;top&quot;:&quot;&quot;,&quot;right&quot;:&quot;&quot;,&quot;bottom&quot;:&quot;&quot;,&quot;left&quot;:&quot;&quot;,&quot;isLinked&quot;:true},&quot;element_pack_global_tooltip_border_radius_mobile&quot;:{&quot;unit&quot;:&quot;px&quot;,&quot;top&quot;:&quot;&quot;,&quot;right&quot;:&quot;&quot;,&quot;bottom&quot;:&quot;&quot;,&quot;left&quot;:&quot;&quot;,&quot;isLinked&quot;:true}}\" data-elementor-post-type=\"page\">\n\t\t\t\t\t\t<section class=\"elementor-section elementor-top-section elementor-element elementor-element-ee6933b elementor-section-boxed elementor-section-height-default elementor-section-height-default\" data-id=\"ee6933b\" data-element_type=\"section\">\n\t\t\t\t\t\t<div class=\"elementor-container elementor-column-gap-default\">\n\t\t\t\t\t<div class=\"elementor-column elementor-col-100 elementor-top-column elementor-element elementor-element-1f14992\" data-id=\"1f14992\" data-element_type=\"column\">\n\t\t\t<div class=\"elementor-widget-wrap elementor-element-populated\">\n\t\t\t\t\t\t<div class=\"elementor-element elementor-element-69e08d9 elementor-widget elementor-widget-image\" data-id=\"69e08d9\" data-element_type=\"widget\" data-widget_type=\"image.default\">\n\t\t\t\t<div class=\"elementor-widget-container\">\n\t\t\t\t\t\t\t\t\t\t\t\t\t<img decoding=\"async\" src=\"http:\/\/www.prepareproject.eu\/wp-content\/uploads\/2023\/10\/PREPARE-Logo-PNG.png\" title=\"\" alt=\"\" loading=\"lazy\" \/>\t\t\t\t\t\t\t\t\t\t\t\t\t<\/div>\n\t\t\t\t<\/div>\n\t\t\t\t\t<\/div>\n\t\t<\/div>\n\t\t\t\t\t<\/div>\n\t\t<\/section>\n\t\t\t\t<section class=\"elementor-section elementor-top-section elementor-element elementor-element-d59841a elementor-section-boxed elementor-section-height-default elementor-section-height-default\" data-id=\"d59841a\" data-element_type=\"section\">\n\t\t\t\t\t\t<div class=\"elementor-container elementor-column-gap-default\">\n\t\t\t\t\t<div class=\"elementor-column elementor-col-100 elementor-top-column elementor-element elementor-element-b6c5559\" data-id=\"b6c5559\" data-element_type=\"column\">\n\t\t\t<div class=\"elementor-widget-wrap elementor-element-populated\">\n\t\t\t\t\t\t<div class=\"elementor-element elementor-element-f24208e elementor-widget elementor-widget-text-editor\" data-id=\"f24208e\" data-element_type=\"widget\" data-widget_type=\"text-editor.default\">\n\t\t\t\t<div class=\"elementor-widget-container\">\n\t\t\t\t\t\t\t<p style=\"text-align: justify;\">Promoting Environmental Protection and leARning on climate changE k\u0131sa ad\u0131yla PREPARE projesi (2022-1-TR01-KA220-YOU-000087199), Erasmus+ Program\u0131 ana eylem iki gen\u00e7lik alan\u0131nda i\u015f birli\u011fi ortakl\u0131klar\u0131 kategorisi alt\u0131nda T\u00fcrkiye Ulusal Ajans\u0131 arac\u0131l\u0131\u011f\u0131 ile fonlanmaktad\u0131r. <br \/><br \/>Proje U\u015fak Belediyesi koordinat\u00f6rl\u00fc\u011f\u00fcnde, T\u00fcrkiye, \u0130talya, Kuzey Makedonya ve Yunanistan\u2019dan belediyeler ve sivil toplum kurulu\u015flar\u0131ndan olu\u015fan 9 ortakl\u0131 bir konsorsiyum taraf\u0131ndan y\u00fcr\u00fct\u00fclmektedir.<\/p>\t\t\t\t\t\t<\/div>\n\t\t\t\t<\/div>\n\t\t\t\t\t<\/div>\n\t\t<\/div>\n\t\t\t\t\t<\/div>\n\t\t<\/section>\n\t\t\t\t<section class=\"elementor-section elementor-top-section elementor-element elementor-element-df26f86 elementor-section-boxed elementor-section-height-default elementor-section-height-default\" data-id=\"df26f86\" data-element_type=\"section\">\n\t\t\t\t\t\t<div class=\"elementor-container elementor-column-gap-default\">\n\t\t\t\t\t<div class=\"elementor-column elementor-col-25 elementor-top-column elementor-element elementor-element-21f5993\" data-id=\"21f5993\" data-element_type=\"column\">\n\t\t\t<div class=\"elementor-widget-wrap elementor-element-populated\">\n\t\t\t\t\t\t<div class=\"elementor-element elementor-element-cc70741 elementor-widget elementor-widget-counter\" data-id=\"cc70741\" data-element_type=\"widget\" data-widget_type=\"counter.default\">\n\t\t\t\t<div class=\"elementor-widget-container\">\n\t\t\t\t\t<div class=\"elementor-counter\">\n\t\t\t<div class=\"elementor-counter-title\">Proje Partneri\u200b<\/div>\t\t\t<div class=\"elementor-counter-number-wrapper\">\n\t\t\t\t<span class=\"elementor-counter-number-prefix\"><\/span>\n\t\t\t\t<span class=\"elementor-counter-number\" data-duration=\"2000\" data-to-value=\"9\" data-from-value=\"0\" data-delimiter=\",\">0<\/span>\n\t\t\t\t<span class=\"elementor-counter-number-suffix\"><\/span>\n\t\t\t<\/div>\n\t\t<\/div>\n\t\t\t\t<\/div>\n\t\t\t\t<\/div>\n\t\t\t\t\t<\/div>\n\t\t<\/div>\n\t\t\t\t<div class=\"elementor-column elementor-col-25 elementor-top-column elementor-element elementor-element-86aaa1c\" data-id=\"86aaa1c\" data-element_type=\"column\">\n\t\t\t<div class=\"elementor-widget-wrap elementor-element-populated\">\n\t\t\t\t\t\t<div class=\"elementor-element elementor-element-9d0f566 elementor-widget elementor-widget-counter\" data-id=\"9d0f566\" data-element_type=\"widget\" data-widget_type=\"counter.default\">\n\t\t\t\t<div class=\"elementor-widget-container\">\n\t\t\t\t\t<div class=\"elementor-counter\">\n\t\t\t<div class=\"elementor-counter-title\">Belediye\u200b<\/div>\t\t\t<div class=\"elementor-counter-number-wrapper\">\n\t\t\t\t<span class=\"elementor-counter-number-prefix\"><\/span>\n\t\t\t\t<span class=\"elementor-counter-number\" data-duration=\"2000\" data-to-value=\"4\" data-from-value=\"0\" data-delimiter=\",\">0<\/span>\n\t\t\t\t<span class=\"elementor-counter-number-suffix\"><\/span>\n\t\t\t<\/div>\n\t\t<\/div>\n\t\t\t\t<\/div>\n\t\t\t\t<\/div>\n\t\t\t\t\t<\/div>\n\t\t<\/div>\n\t\t\t\t<div class=\"elementor-column elementor-col-25 elementor-top-column elementor-element elementor-element-8618891\" data-id=\"8618891\" data-element_type=\"column\">\n\t\t\t<div class=\"elementor-widget-wrap elementor-element-populated\">\n\t\t\t\t\t\t<div class=\"elementor-element elementor-element-8ab0822 elementor-widget elementor-widget-counter\" data-id=\"8ab0822\" data-element_type=\"widget\" data-widget_type=\"counter.default\">\n\t\t\t\t<div class=\"elementor-widget-container\">\n\t\t\t\t\t<div class=\"elementor-counter\">\n\t\t\t<div class=\"elementor-counter-title\">Sivil Toplum Kurulu\u015fu\u200b<\/div>\t\t\t<div class=\"elementor-counter-number-wrapper\">\n\t\t\t\t<span class=\"elementor-counter-number-prefix\"><\/span>\n\t\t\t\t<span class=\"elementor-counter-number\" data-duration=\"2000\" data-to-value=\"4\" data-from-value=\"0\" data-delimiter=\",\">0<\/span>\n\t\t\t\t<span class=\"elementor-counter-number-suffix\"><\/span>\n\t\t\t<\/div>\n\t\t<\/div>\n\t\t\t\t<\/div>\n\t\t\t\t<\/div>\n\t\t\t\t\t<\/div>\n\t\t<\/div>\n\t\t\t\t<div class=\"elementor-column elementor-col-25 elementor-top-column elementor-element elementor-element-8dc532a\" data-id=\"8dc532a\" data-element_type=\"column\">\n\t\t\t<div class=\"elementor-widget-wrap elementor-element-populated\">\n\t\t\t\t\t\t<div class=\"elementor-element elementor-element-d0205ce elementor-widget elementor-widget-counter\" data-id=\"d0205ce\" data-element_type=\"widget\" data-widget_type=\"counter.default\">\n\t\t\t\t<div class=\"elementor-widget-container\">\n\t\t\t\t\t<div class=\"elementor-counter\">\n\t\t\t<div class=\"elementor-counter-title\">KOB\u0130<\/div>\t\t\t<div class=\"elementor-counter-number-wrapper\">\n\t\t\t\t<span class=\"elementor-counter-number-prefix\"><\/span>\n\t\t\t\t<span class=\"elementor-counter-number\" data-duration=\"2000\" data-to-value=\"1\" data-from-value=\"0\" data-delimiter=\",\">0<\/span>\n\t\t\t\t<span class=\"elementor-counter-number-suffix\"><\/span>\n\t\t\t<\/div>\n\t\t<\/div>\n\t\t\t\t<\/div>\n\t\t\t\t<\/div>\n\t\t\t\t\t<\/div>\n\t\t<\/div>\n\t\t\t\t\t<\/div>\n\t\t<\/section>\n\t\t\t\t<section class=\"elementor-section elementor-top-section elementor-element elementor-element-3a61773 elementor-section-boxed elementor-section-height-default elementor-section-height-default\" data-id=\"3a61773\" data-element_type=\"section\">\n\t\t\t\t\t\t<div class=\"elementor-container elementor-column-gap-default\">\n\t\t\t\t\t<div class=\"elementor-column elementor-col-100 elementor-top-column elementor-element elementor-element-203626e\" data-id=\"203626e\" data-element_type=\"column\">\n\t\t\t<div class=\"elementor-widget-wrap elementor-element-populated\">\n\t\t\t\t\t\t<div class=\"elementor-element elementor-element-a435c7c elementor-widget elementor-widget-text-editor\" data-id=\"a435c7c\" data-element_type=\"widget\" data-widget_type=\"text-editor.default\">\n\t\t\t\t<div class=\"elementor-widget-container\">\n\t\t\t\t\t\t\t<p>Proje, potansiyel kariyer yollar\u0131 hakk\u0131nda fark\u0131ndal\u0131k yaratarak ve bunlar\u0131 istihdam f\u0131rsatlar\u0131na d\u00f6n\u00fc\u015ft\u00fcrerek \u00e7evre ve iklim de\u011fi\u015fikli\u011fi sorunlar\u0131n\u0131 ele almay\u0131 ama\u00e7lamaktad\u0131r.<\/p>\n<p>Turizm sekt\u00f6r\u00fcndeki mevcut \u2033ye\u015fil i\u015f\u2033 se\u00e7eneklerini ke\u015ffetmelerine yard\u0131mc\u0131 olacak yeti\u015fkin \u00f6\u011frenciler i\u00e7in ilgili yetkinliklerin, tutumlar\u0131n ve nihayetinde ye\u015fil becerilerin geli\u015ftirilmesi ve iyile\u015ftirilmesi yoluyla turizmle ilgili s\u00fcrd\u00fcr\u00fclebilir istihdam f\u0131rsatlar\u0131n\u0131 te\u015fvik ederek turizm sekt\u00f6r\u00fcne odaklanacakt\u0131r. Bu ama\u00e7lar kapsam\u0131nda proje s\u00fcresince be\u015f i\u015f paketinin tamamlanmas\u0131 hedeflenmektedir.<\/p>\t\t\t\t\t\t<\/div>\n\t\t\t\t<\/div>\n\t\t\t\t\t<\/div>\n\t\t<\/div>\n\t\t\t\t\t<\/div>\n\t\t<\/section>\n\t\t\t\t<section class=\"elementor-section elementor-top-section elementor-element elementor-element-5f54516 elementor-section-boxed elementor-section-height-default elementor-section-height-default\" data-id=\"5f54516\" data-element_type=\"section\">\n\t\t\t\t\t\t<div class=\"elementor-container elementor-column-gap-default\">\n\t\t\t\t\t<div class=\"elementor-column elementor-col-50 elementor-top-column elementor-element elementor-element-8c6ac94\" data-id=\"8c6ac94\" data-element_type=\"column\">\n\t\t\t<div class=\"elementor-widget-wrap elementor-element-populated\">\n\t\t\t\t\t\t<div class=\"elementor-element elementor-element-45c2341 elementor-flip-box--3d elementor-flip-box--effect-flip elementor-flip-box--direction-up elementor-widget elementor-widget-flip-box\" data-id=\"45c2341\" data-element_type=\"widget\" data-widget_type=\"flip-box.default\">\n\t\t\t\t<div class=\"elementor-widget-container\">\n\t\t\t\t\t<div class=\"elementor-flip-box\" tabindex=\"0\">\n\t\t\t<div class=\"elementor-flip-box__layer elementor-flip-box__front\">\n\t\t\t\t<div class=\"elementor-flip-box__layer__overlay\">\n\t\t\t\t\t<div class=\"elementor-flip-box__layer__inner\">\n\t\t\t\t\t\t\t\t\t\t\t\t\t<div class=\"elementor-icon-wrapper elementor-view-default\">\n\t\t\t\t\t\t\t\t<div class=\"elementor-icon\">\n\t\t\t\t\t\t\t\t\t<i class=\" picon-quote\"><\/i>\t\t\t\t\t\t\t\t<\/div>\n\t\t\t\t\t\t\t<\/div>\n\t\t\t\t\t\t\n\t\t\t\t\t\t\t\t\t\t\t\t\t<h3 class=\"elementor-flip-box__layer__title\">\n\t\t\t\t\t\t\t\tProje Hedefleri\t\t\t\t\t\t\t<\/h3>\n\t\t\t\t\t\t\n\t\t\t\t\t\t\t\t\t\t\t\t\t<div class=\"elementor-flip-box__layer__description\">\n\t\t\t\t\t\t\t\tGen\u00e7leri iklim de\u011fi\u015fikli\u011fi gibi g\u00fcncel sorunlar hakk\u0131nda bilgilendirmek,\n\nDaha geni\u015f AB g\u00fcndemini ve s\u00fcrd\u00fcr\u00fclebilirli\u011fe odaklanmay\u0131 te\u015fvik etmek ve gen\u00e7 i\u015f\u00e7i adaylar\u0131na ve belediye \u00e7al\u0131\u015fanlar\u0131na beceri kazand\u0131rmak,\n\nGenel olarak s\u00fcrd\u00fcr\u00fclebilirlikle ve daha \u00f6zel olarak turizm sekt\u00f6r\u00fcyle ilgili gelecekteki i\u015fler s\u00f6z konusu oldu\u011funda se\u00e7enekleri ana hatlar\u0131yla belirlemek.\t\t\t\t\t\t\t<\/div>\n\t\t\t\t\t\t\t\t\t\t\t<\/div>\n\t\t\t\t<\/div>\n\t\t\t<\/div>\n\t\t\t<div class=\"elementor-flip-box__layer elementor-flip-box__back\">\n\t\t\t<div class=\"elementor-flip-box__layer__overlay\">\n\t\t\t\t<div class=\"elementor-flip-box__layer__inner\">\n\t\t\t\t\t\t\t\t\t\t\t<h3 class=\"elementor-flip-box__layer__title\">\n\t\t\t\t\t\t\tProje Hedefleri\t\t\t\t\t\t<\/h3>\n\t\t\t\t\t\n\t\t\t\t\t\t\t\t\t\t\t<div class=\"elementor-flip-box__layer__description\">\n\t\t\t\t\t\t\tGen\u00e7leri iklim de\u011fi\u015fikli\u011fi gibi g\u00fcncel sorunlar hakk\u0131nda bilgilendirmek,\n\nDaha geni\u015f AB g\u00fcndemini ve s\u00fcrd\u00fcr\u00fclebilirli\u011fe odaklanmay\u0131 te\u015fvik etmek ve gen\u00e7 i\u015f\u00e7i adaylar\u0131na ve belediye \u00e7al\u0131\u015fanlar\u0131na beceri kazand\u0131rmak,\n\nGenel olarak s\u00fcrd\u00fcr\u00fclebilirlikle ve daha \u00f6zel olarak turizm sekt\u00f6r\u00fcyle ilgili gelecekteki i\u015fler s\u00f6z konusu oldu\u011funda se\u00e7enekleri ana hatlar\u0131yla belirlemek.\t\t\t\t\t\t<\/div>\n\t\t\t\t\t\n\t\t\t\t\t\t\t\t<\/div>\n\t\t<\/div>\n\t\t<\/div>\n\t\t<\/div>\n\t\t\t\t<\/div>\n\t\t\t\t<\/div>\n\t\t\t\t\t<\/div>\n\t\t<\/div>\n\t\t\t\t<div class=\"elementor-column elementor-col-50 elementor-top-column elementor-element elementor-element-9e23160\" data-id=\"9e23160\" data-element_type=\"column\">\n\t\t\t<div class=\"elementor-widget-wrap elementor-element-populated\">\n\t\t\t\t\t\t<div class=\"elementor-element elementor-element-a14d66f elementor-flip-box--3d elementor-flip-box--effect-flip elementor-flip-box--direction-up elementor-widget elementor-widget-flip-box\" data-id=\"a14d66f\" data-element_type=\"widget\" data-widget_type=\"flip-box.default\">\n\t\t\t\t<div class=\"elementor-widget-container\">\n\t\t\t\t\t<div class=\"elementor-flip-box\" tabindex=\"0\">\n\t\t\t<div class=\"elementor-flip-box__layer elementor-flip-box__front\">\n\t\t\t\t<div class=\"elementor-flip-box__layer__overlay\">\n\t\t\t\t\t<div class=\"elementor-flip-box__layer__inner\">\n\t\t\t\t\t\t\t\t\t\t\t\t\t<div class=\"elementor-icon-wrapper elementor-view-default\">\n\t\t\t\t\t\t\t\t<div class=\"elementor-icon\">\n\t\t\t\t\t\t\t\t\t<i class=\" picon-group\"><\/i>\t\t\t\t\t\t\t\t<\/div>\n\t\t\t\t\t\t\t<\/div>\n\t\t\t\t\t\t\n\t\t\t\t\t\t\t\t\t\t\t\t\t<h3 class=\"elementor-flip-box__layer__title\">\n\t\t\t\t\t\t\t\tHedef Gruplar\t\t\t\t\t\t\t<\/h3>\n\t\t\t\t\t\t\n\t\t\t\t\t\t\t\t\t\t\t\t\t<div class=\"elementor-flip-box__layer__description\">\n\t\t\t\t\t\t\t\tProjenin ana hedef gruplar\u0131 belediye \u00e7al\u0131\u015fanlar\u0131 ve i\u015f g\u00fcc\u00fcne kat\u0131lma s\u00fcrecindeki gen\u00e7lerdir. \n\u0130kincil yararlan\u0131c\u0131lar ise ilgili alanlardaki \u00f6\u011frenciler ve genel olarak vatanda\u015flar, gen\u00e7lik \u00e7al\u0131\u015fanlar\u0131 ve becerilerini daha da geli\u015ftirebilecek profesyoneller olarak d\u00fc\u015f\u00fcn\u00fclebilir. \nSon olarak, uzun vadeli yararlan\u0131c\u0131lar elbette projeye dahil olan b\u00f6lgelere gelen turistler veya end\u00fcstri ara\u015ft\u0131rmac\u0131lar\u0131, \u015fehir planlamac\u0131lar\u0131, turizm profesyonelleri ve en iyi uygulamalar\u0131 toplayan \u00e7evre bilimciler gibi geni\u015f bir uzmanl\u0131k yelpazesini kapsayan ziyaret\u00e7ilerdir.\t\t\t\t\t\t\t<\/div>\n\t\t\t\t\t\t\t\t\t\t\t<\/div>\n\t\t\t\t<\/div>\n\t\t\t<\/div>\n\t\t\t<div class=\"elementor-flip-box__layer elementor-flip-box__back\">\n\t\t\t<div class=\"elementor-flip-box__layer__overlay\">\n\t\t\t\t<div class=\"elementor-flip-box__layer__inner\">\n\t\t\t\t\t\t\t\t\t\t\t<h3 class=\"elementor-flip-box__layer__title\">\n\t\t\t\t\t\t\tHedef Gruplar\t\t\t\t\t\t<\/h3>\n\t\t\t\t\t\n\t\t\t\t\t\t\t\t\t\t\t<div class=\"elementor-flip-box__layer__description\">\n\t\t\t\t\t\t\tProjenin ana hedef gruplar\u0131 belediye \u00e7al\u0131\u015fanlar\u0131 ve i\u015f g\u00fcc\u00fcne kat\u0131lma s\u00fcrecindeki gen\u00e7lerdir.\n\n\u0130kincil yararlan\u0131c\u0131lar ise ilgili alanlardaki \u00f6\u011frenciler ve genel olarak vatanda\u015flar, gen\u00e7lik \u00e7al\u0131\u015fanlar\u0131 ve becerilerini daha da geli\u015ftirebilecek profesyoneller olarak d\u00fc\u015f\u00fcn\u00fclebilir.\n\nSon olarak, uzun vadeli yararlan\u0131c\u0131lar elbette projeye dahil olan b\u00f6lgelere gelen turistler veya end\u00fcstri ara\u015ft\u0131rmac\u0131lar\u0131, \u015fehir planlamac\u0131lar\u0131, turizm profesyonelleri ve en iyi uygulamalar\u0131 toplayan \u00e7evre bilimciler gibi geni\u015f bir uzmanl\u0131k yelpazesini kapsayan ziyaret\u00e7ilerdir.\t\t\t\t\t\t<\/div>\n\t\t\t\t\t\n\t\t\t\t\t\t\t\t<\/div>\n\t\t<\/div>\n\t\t<\/div>\n\t\t<\/div>\n\t\t\t\t<\/div>\n\t\t\t\t<\/div>\n\t\t\t\t\t<\/div>\n\t\t<\/div>\n\t\t\t\t\t<\/div>\n\t\t<\/section>\n\t\t\t\t<\/div>\n\t\t","protected":false},"excerpt":{"rendered":"<p>Promoting Environmental Protection and leARning on climate changE k\u0131sa ad\u0131yla PREPARE projesi (2022-1-TR01-KA220-YOU-000087199), Erasmus+ Program\u0131 ana eylem iki gen\u00e7lik alan\u0131nda i\u015f birli\u011fi ortakl\u0131klar\u0131 kategorisi alt\u0131nda T\u00fcrkiye Ulusal Ajans\u0131 arac\u0131l\u0131\u011f\u0131 ile [&hellip;]<\/p>\n","protected":false},"author":1,"featured_media":0,"parent":0,"menu_order":0,"comment_status":"closed","ping_status":"closed","template":"","meta":{"footnotes":""},"class_list":["post-9861","page","type-page","status-publish","hentry"],"_links":{"self":[{"href":"https:\/\/prepareproject.eu\/TURKCE\/wp-json\/wp\/v2\/pages\/9861","targetHints":{"allow":["GET"]}}],"collection":[{"href":"https:\/\/prepareproject.eu\/TURKCE\/wp-json\/wp\/v2\/pages"}],"about":[{"href":"https:\/\/prepareproject.eu\/TURKCE\/wp-json\/wp\/v2\/types\/page"}],"author":[{"embeddable":true,"href":"https:\/\/prepareproject.eu\/TURKCE\/wp-json\/wp\/v2\/users\/1"}],"replies":[{"embeddable":true,"href":"https:\/\/prepareproject.eu\/TURKCE\/wp-json\/wp\/v2\/comments?post=9861"}],"version-history":[{"count":6,"href":"https:\/\/prepareproject.eu\/TURKCE\/wp-json\/wp\/v2\/pages\/9861\/revisions"}],"predecessor-version":[{"id":10398,"href":"https:\/\/prepareproject.eu\/TURKCE\/wp-json\/wp\/v2\/pages\/9861\/revisions\/10398"}],"wp:attachment":[{"href":"https:\/\/prepareproject.eu\/TURKCE\/wp-json\/wp\/v2\/media?parent=9861"}],"curies":[{"name":"wp","href":"https:\/\/api.w.org\/{rel}","templated":true}]}}