{"id":9951,"date":"2023-10-14T07:29:24","date_gmt":"2023-10-14T07:29:24","guid":{"rendered":"http:\/\/www.prepareproject.eu\/?page_id=9951"},"modified":"2024-11-12T11:19:13","modified_gmt":"2024-11-12T08:19:13","slug":"haberler","status":"publish","type":"page","link":"https:\/\/prepareproject.eu\/TURKCE\/haberler-etkinlikler\/haberler\/","title":{"rendered":"Haberler"},"content":{"rendered":"\t\t<div data-elementor-type=\"wp-page\" data-elementor-id=\"9951\" class=\"elementor elementor-9951\" data-elementor-settings=\"{&quot;element_pack_global_tooltip_width&quot;:{&quot;unit&quot;:&quot;px&quot;,&quot;size&quot;:&quot;&quot;,&quot;sizes&quot;:[]},&quot;element_pack_global_tooltip_width_tablet&quot;:{&quot;unit&quot;:&quot;px&quot;,&quot;size&quot;:&quot;&quot;,&quot;sizes&quot;:[]},&quot;element_pack_global_tooltip_width_mobile&quot;:{&quot;unit&quot;:&quot;px&quot;,&quot;size&quot;:&quot;&quot;,&quot;sizes&quot;:[]},&quot;element_pack_global_tooltip_padding&quot;:{&quot;unit&quot;:&quot;px&quot;,&quot;top&quot;:&quot;&quot;,&quot;right&quot;:&quot;&quot;,&quot;bottom&quot;:&quot;&quot;,&quot;left&quot;:&quot;&quot;,&quot;isLinked&quot;:true},&quot;element_pack_global_tooltip_padding_tablet&quot;:{&quot;unit&quot;:&quot;px&quot;,&quot;top&quot;:&quot;&quot;,&quot;right&quot;:&quot;&quot;,&quot;bottom&quot;:&quot;&quot;,&quot;left&quot;:&quot;&quot;,&quot;isLinked&quot;:true},&quot;element_pack_global_tooltip_padding_mobile&quot;:{&quot;unit&quot;:&quot;px&quot;,&quot;top&quot;:&quot;&quot;,&quot;right&quot;:&quot;&quot;,&quot;bottom&quot;:&quot;&quot;,&quot;left&quot;:&quot;&quot;,&quot;isLinked&quot;:true},&quot;element_pack_global_tooltip_border_radius&quot;:{&quot;unit&quot;:&quot;px&quot;,&quot;top&quot;:&quot;&quot;,&quot;right&quot;:&quot;&quot;,&quot;bottom&quot;:&quot;&quot;,&quot;left&quot;:&quot;&quot;,&quot;isLinked&quot;:true},&quot;element_pack_global_tooltip_border_radius_tablet&quot;:{&quot;unit&quot;:&quot;px&quot;,&quot;top&quot;:&quot;&quot;,&quot;right&quot;:&quot;&quot;,&quot;bottom&quot;:&quot;&quot;,&quot;left&quot;:&quot;&quot;,&quot;isLinked&quot;:true},&quot;element_pack_global_tooltip_border_radius_mobile&quot;:{&quot;unit&quot;:&quot;px&quot;,&quot;top&quot;:&quot;&quot;,&quot;right&quot;:&quot;&quot;,&quot;bottom&quot;:&quot;&quot;,&quot;left&quot;:&quot;&quot;,&quot;isLinked&quot;:true}}\" data-elementor-post-type=\"page\">\n\t\t\t\t<div class=\"elementor-element elementor-element-ca32745 e-flex e-con-boxed e-con e-parent\" data-id=\"ca32745\" data-element_type=\"container\">\n\t\t\t\t\t<div class=\"e-con-inner\">\n\t\t\t\t<div class=\"elementor-element elementor-element-f005393 elementor-widget elementor-widget-bdt-post-gallery\" data-id=\"f005393\" data-element_type=\"widget\" data-settings=\"{&quot;columns&quot;:&quot;3&quot;,&quot;columns_tablet&quot;:&quot;2&quot;,&quot;columns_mobile&quot;:&quot;1&quot;}\" data-widget_type=\"bdt-post-gallery.bdt-trosia\">\n\t\t\t\t<div class=\"elementor-widget-container\">\n\t\t\t\t\t<div class=\"bdt-post-gallery-wrapper\">\n\n\t\t\t\t\t\t<div id=\"bdt-post-galleryf005393\" class=\"bdt-post-gallery bdt-ep-grid-filter-container bdt-post-gallery-skin-trosia bdt-grid bdt-grid-medium\" data-bdt-grid=\"\" data-bdt-lightbox=\"toggle: .bdt-gallery-lightbox-item; animation:slide;\" data-settings=\"{&quot;id&quot;:&quot;#bdt-post-galleryf005393&quot;,&quot;tiltShow&quot;:false}\">\n\n\t\t\t\t\t\t<div class=\"bdt-gallery-item bdt-transition-toggle bdt-width-1-1 bdt-width-1-2@s bdt-width-1-3@m\">\n\t\t\t<div class=\"bdt-post-gallery-inner\" >\n\t\t\t\t\t\t<div class=\"bdt-gallery-thumbnail\">\n\t\t\t<img fetchpriority=\"high\" decoding=\"async\" width=\"600\" height=\"540\" src=\"https:\/\/prepareproject.eu\/TURKCE\/wp-content\/uploads\/2023\/11\/bg-11-600x540.jpg\" class=\"attachment-medium size-medium\" alt=\"Prepare Projesi 2. Ulus\u00f6tesi Ortaklar Toplant\u0131s\u0131 \u0130talya&#8217;da Ger\u00e7ekle\u015fti\" \/>\t\t<\/div>\n\t\t\t\t<div class=\"bdt-position-top-right bdt-margin bdt-margin-right\">\n\t\t\t<div class=\"bdt-post-gallery-content\">\n\t\t\t\t<div class=\"bdt-gallery-content-inner bdt-transition-fade\">\n\t\t\t\t\t\t\t\t\t\t\t<div class=\"bdt-flex-inline bdt-gallery-item-link-wrapper\">\n\t\t\t\t\t\t\t\t\t\t\t\t\t\t\t<a class=\"bdt-gallery-item-link bdt-gallery-lightbox-item bdt-link-icon\" data-elementor-open-lightbox=\"no\" data-caption=\"Prepare Projesi 2. Ulus\u00f6tesi Ortaklar Toplant\u0131s\u0131 \u0130talya&#8217;da Ger\u00e7ekle\u015fti\" href=\"https:\/\/prepareproject.eu\/TURKCE\/wp-content\/uploads\/2023\/11\/bg-11.jpg\">\n\t\t\t\t\t\t\t\t\t\t\t\t\t\t\t\t\t\t\t<i class=\"ep-icon-search\" aria-hidden=\"true\"><\/i>\n\t\t\t\t\t\t\t\t\t\t\t\t\t\t\t\t\t<\/a>\n\t\t\t\t\t\t\t\n\t\t\t\t\t\t\t\t\t\t\t\t\t\t\t\t\t\t\t\t\t\t\t<a class=\"bdt-gallery-item-link bdt-link-icon\" href=\"https:\/\/prepareproject.eu\/TURKCE\/2024\/05\/24\/prepare-projesi-2-tpm-italyada-gerceklesti\/\" >\n\t\t\t\t\t\t\t\t\t\t\t\t\t\t\t\t\t\t\t<i class=\"ep-icon-link\" aria-hidden=\"true\"><\/i>\n\t\t\t\t\t\t\t\t\t\t\t\t\t\t\t\t\t<\/a>\n\t\t\t\t\t\t\t\t\t\t\t\t\t<\/div>\n\t\t\t\t\t\t\t\t\t<\/div>\n\t\t\t<\/div>\n\t\t<\/div>\n\t\t\t\t\t\t<div class=\"bdt-post-gallery-desc bdt-text-left bdt-position-z-index bdt-position-bottom\">\n\t\t\t\t\t\t\t<a href=\"https:\/\/prepareproject.eu\/TURKCE\/2024\/05\/24\/prepare-projesi-2-tpm-italyada-gerceklesti\/\" >\n\t\t\t<h4 class=\"bdt-gallery-item-title bdt-margin-remove\">\n\t\t\t\tPrepare Projesi 2. Ulus\u00f6tesi Ortaklar Toplant\u0131s\u0131 \u0130talya&#8217;da Ger\u00e7ekle\u015fti\t\t\t<\/h4>\n\t\t<\/a>\n\t\t\t\t\t\t<\/div>\n\t\t\t\t<div class=\"bdt-position-top-left\">\n\t\t\t\t\t\t\t\t\t<\/div>\n\t\t\t<\/div>\n\t\t<\/div>\n\t\t\t\t<div class=\"bdt-gallery-item bdt-transition-toggle bdt-width-1-1 bdt-width-1-2@s bdt-width-1-3@m\">\n\t\t\t<div class=\"bdt-post-gallery-inner\" >\n\t\t\t\t\t\t<div class=\"bdt-gallery-thumbnail bdt-gallery-thumbnail\">\n\t\t\t<img decoding=\"async\" width=\"600\" height=\"540\" src=\"https:\/\/prepareproject.eu\/TURKCE\/wp-content\/uploads\/2023\/12\/tim-van-der-kuip-d33hYz_iQEY-unsplash-scaled-1-600x540.jpg\" class=\"attachment-medium size-medium\" alt=\"PREPARE projesinin INTED24&#8217;e kat\u0131l\u0131m\u0131\" \/>\t\t<\/div>\n\t\t\t\t<div class=\"bdt-position-top-right bdt-margin bdt-margin-right\">\n\t\t\t<div class=\"bdt-post-gallery-content\">\n\t\t\t\t<div class=\"bdt-gallery-content-inner bdt-transition-fade\">\n\t\t\t\t\t\t\t\t\t\t\t<div class=\"bdt-flex-inline bdt-gallery-item-link-wrapper\">\n\t\t\t\t\t\t\t\t\t\t\t\t\t\t\t<a class=\"bdt-gallery-item-link bdt-gallery-lightbox-item bdt-link-icon\" data-elementor-open-lightbox=\"no\" data-caption=\"PREPARE projesinin INTED24&#8217;e kat\u0131l\u0131m\u0131\" href=\"https:\/\/prepareproject.eu\/TURKCE\/wp-content\/uploads\/2023\/12\/tim-van-der-kuip-d33hYz_iQEY-unsplash-scaled-1.jpg\">\n\t\t\t\t\t\t\t\t\t\t\t\t\t\t\t\t\t\t\t<i class=\"ep-icon-search\" aria-hidden=\"true\"><\/i>\n\t\t\t\t\t\t\t\t\t\t\t\t\t\t\t\t\t<\/a>\n\t\t\t\t\t\t\t\n\t\t\t\t\t\t\t\t\t\t\t\t\t\t\t\t\t\t\t\t\t\t\t<a class=\"bdt-gallery-item-link bdt-link-icon\" href=\"https:\/\/prepareproject.eu\/TURKCE\/2024\/02\/14\/prepare-projesinin-inted24e-katilimi\/\" >\n\t\t\t\t\t\t\t\t\t\t\t\t\t\t\t\t\t\t\t<i class=\"ep-icon-link\" aria-hidden=\"true\"><\/i>\n\t\t\t\t\t\t\t\t\t\t\t\t\t\t\t\t\t<\/a>\n\t\t\t\t\t\t\t\t\t\t\t\t\t<\/div>\n\t\t\t\t\t\t\t\t\t<\/div>\n\t\t\t<\/div>\n\t\t<\/div>\n\t\t\t\t\t\t<div class=\"bdt-post-gallery-desc bdt-text-left bdt-position-z-index bdt-position-bottom\">\n\t\t\t\t\t\t\t<a href=\"https:\/\/prepareproject.eu\/TURKCE\/2024\/02\/14\/prepare-projesinin-inted24e-katilimi\/\" >\n\t\t\t<h4 class=\"bdt-gallery-item-title bdt-margin-remove\">\n\t\t\t\tPREPARE projesinin INTED24&#8217;e kat\u0131l\u0131m\u0131\t\t\t<\/h4>\n\t\t<\/a>\n\t\t\t\t\t\t<\/div>\n\t\t\t\t<div class=\"bdt-position-top-left\">\n\t\t\t\t\t\t\t\t\t<\/div>\n\t\t\t<\/div>\n\t\t<\/div>\n\t\t\t\t<div class=\"bdt-gallery-item bdt-transition-toggle bdt-width-1-1 bdt-width-1-2@s bdt-width-1-3@m\">\n\t\t\t<div class=\"bdt-post-gallery-inner\" >\n\t\t\t\t\t\t<div class=\"bdt-gallery-thumbnail bdt-gallery-thumbnail bdt-gallery-thumbnail\">\n\t\t\t<img decoding=\"async\" width=\"600\" height=\"436\" src=\"https:\/\/prepareproject.eu\/TURKCE\/wp-content\/uploads\/2023\/03\/h9-bg-section1-600x436.jpg\" class=\"attachment-medium size-medium\" alt=\"PREPARE Project Ba\u015flang\u0131\u00e7 Toplant\u0131s\u0131\" \/>\t\t<\/div>\n\t\t\t\t<div class=\"bdt-position-top-right bdt-margin bdt-margin-right\">\n\t\t\t<div class=\"bdt-post-gallery-content\">\n\t\t\t\t<div class=\"bdt-gallery-content-inner bdt-transition-fade\">\n\t\t\t\t\t\t\t\t\t\t\t<div class=\"bdt-flex-inline bdt-gallery-item-link-wrapper\">\n\t\t\t\t\t\t\t\t\t\t\t\t\t\t\t<a class=\"bdt-gallery-item-link bdt-gallery-lightbox-item bdt-link-icon\" data-elementor-open-lightbox=\"no\" data-caption=\"PREPARE Project Ba\u015flang\u0131\u00e7 Toplant\u0131s\u0131\" href=\"https:\/\/prepareproject.eu\/TURKCE\/wp-content\/uploads\/2023\/03\/h9-bg-section1.jpg\">\n\t\t\t\t\t\t\t\t\t\t\t\t\t\t\t\t\t\t\t<i class=\"ep-icon-search\" aria-hidden=\"true\"><\/i>\n\t\t\t\t\t\t\t\t\t\t\t\t\t\t\t\t\t<\/a>\n\t\t\t\t\t\t\t\n\t\t\t\t\t\t\t\t\t\t\t\t\t\t\t\t\t\t\t\t\t\t\t<a class=\"bdt-gallery-item-link bdt-link-icon\" href=\"https:\/\/prepareproject.eu\/TURKCE\/2023\/04\/06\/prepare-project-kick-off\/\" >\n\t\t\t\t\t\t\t\t\t\t\t\t\t\t\t\t\t\t\t<i class=\"ep-icon-link\" aria-hidden=\"true\"><\/i>\n\t\t\t\t\t\t\t\t\t\t\t\t\t\t\t\t\t<\/a>\n\t\t\t\t\t\t\t\t\t\t\t\t\t<\/div>\n\t\t\t\t\t\t\t\t\t<\/div>\n\t\t\t<\/div>\n\t\t<\/div>\n\t\t\t\t\t\t<div class=\"bdt-post-gallery-desc bdt-text-left bdt-position-z-index bdt-position-bottom\">\n\t\t\t\t\t\t\t<a href=\"https:\/\/prepareproject.eu\/TURKCE\/2023\/04\/06\/prepare-project-kick-off\/\" >\n\t\t\t<h4 class=\"bdt-gallery-item-title bdt-margin-remove\">\n\t\t\t\tPREPARE Project Ba\u015flang\u0131\u00e7 Toplant\u0131s\u0131\t\t\t<\/h4>\n\t\t<\/a>\n\t\t\t\t\t\t<\/div>\n\t\t\t\t<div class=\"bdt-position-top-left\">\n\t\t\t\t\t\t\t\t\t<\/div>\n\t\t\t<\/div>\n\t\t<\/div>\n\t\t\n\t\t\t<\/div>\n\t\t<\/div>\n\t\t\t\t<\/div>\n\t\t\t\t<\/div>\n\t\t\t\t\t<\/div>\n\t\t\t\t<\/div>\n\t\t\t\t<\/div>\n\t\t","protected":false},"excerpt":{"rendered":"<p>Prepare Projesi 2. Ulus\u00f6tesi Ortaklar Toplant\u0131s\u0131 \u0130talya&#8217;da Ger\u00e7ekle\u015fti PREPARE projesinin INTED24&#8217;e kat\u0131l\u0131m\u0131 PREPARE Project Ba\u015flang\u0131\u00e7 Toplant\u0131s\u0131<\/p>\n","protected":false},"author":1,"featured_media":0,"parent":9869,"menu_order":0,"comment_status":"closed","ping_status":"closed","template":"","meta":{"footnotes":""},"class_list":["post-9951","page","type-page","status-publish","hentry"],"_links":{"self":[{"href":"https:\/\/prepareproject.eu\/TURKCE\/wp-json\/wp\/v2\/pages\/9951","targetHints":{"allow":["GET"]}}],"collection":[{"href":"https:\/\/prepareproject.eu\/TURKCE\/wp-json\/wp\/v2\/pages"}],"about":[{"href":"https:\/\/prepareproject.eu\/TURKCE\/wp-json\/wp\/v2\/types\/page"}],"author":[{"embeddable":true,"href":"https:\/\/prepareproject.eu\/TURKCE\/wp-json\/wp\/v2\/users\/1"}],"replies":[{"embeddable":true,"href":"https:\/\/prepareproject.eu\/TURKCE\/wp-json\/wp\/v2\/comments?post=9951"}],"version-history":[{"count":9,"href":"https:\/\/prepareproject.eu\/TURKCE\/wp-json\/wp\/v2\/pages\/9951\/revisions"}],"predecessor-version":[{"id":10421,"href":"https:\/\/prepareproject.eu\/TURKCE\/wp-json\/wp\/v2\/pages\/9951\/revisions\/10421"}],"up":[{"embeddable":true,"href":"https:\/\/prepareproject.eu\/TURKCE\/wp-json\/wp\/v2\/pages\/9869"}],"wp:attachment":[{"href":"https:\/\/prepareproject.eu\/TURKCE\/wp-json\/wp\/v2\/media?parent=9951"}],"curies":[{"name":"wp","href":"https:\/\/api.w.org\/{rel}","templated":true}]}}